{"id":2,"date":"2013-04-14T09:42:49","date_gmt":"2013-04-14T09:42:49","guid":{"rendered":"http:\/\/www.couleursjapon.com\/blog\/?page_id=2"},"modified":"2013-04-16T08:27:59","modified_gmt":"2013-04-16T07:27:59","slug":"page-d-exemple","status":"publish","type":"page","link":"https:\/\/www.couleursjapon.com\/blog\/page-d-exemple\/","title":{"rendered":"A propos"},"content":{"rendered":"<p><strong>A propos de ce blog<\/strong> (c&rsquo;est vrai \u00e7a mais \u00e0 quoi \u00e7a sert au juste ?)<\/p>\n<p>Les tissus japonais sont empreints de couleurs, de motifs et textures tr\u00e8s vari\u00e9s. Avec Couleurs Japon j&rsquo;essaie de les mettre en valeur \u00e0 travers des cr\u00e9ations originales de sacs et autres accessoires de mode ou du quotidien. Partagez \u00e0 travers ce blog mes sources d&rsquo;inspirations et mes actualit\u00e9s \u00ab\u00a0japano-couturesques\u00a0\u00bb.<\/p>\n<p>&nbsp;<\/p>\n<p><strong>A propos de moi<\/strong> (mon c\u00f4t\u00e9 \u00ab\u00a0moi je\u00a0\u00bb)<\/p>\n<p>Ayant s\u00fbrement trop regard\u00e9 les dessins anim\u00e9s japonais \u00e0 la t\u00e9l\u00e9vision \u00e9tant petite, mon p\u00e8re donnant \u00e0 ses heures perdues des cours d&rsquo;a\u00efkido et ayant toujours \u00e9t\u00e9 incit\u00e9e par mon entourage \u00e0 une certaine ouverture sur l&rsquo;ailleurs, j&rsquo;ai d\u00e9velopp\u00e9 assez t\u00f4t un attrait pour le pays du soleil levant. Au gr\u00e9 de mes \u00e9tudes j&rsquo;ai eu la chance il y a 14 ans d\u00e9j\u00e0 de pouvoir y passer une ann\u00e9e extraordinaire et riche de d\u00e9couvertes et de rencontres qui m&rsquo;a fait y d\u00e9couvrir de tr\u00e8s belles choses dont les v\u00eatements traditionnels et leurs magnifiques et subtiles couleurs.<\/p>\n<p>Parall\u00e8lement, m\u00eame si m&rsquo;\u00e9tant d\u00e9j\u00e0 vaguement essay\u00e9e petite \u00e0 la couture d&rsquo;habits de poup\u00e9e ou de d\u00e9guisements, je couds et fabrique depuis 16 ans environ r\u00e9guli\u00e8rement, des reproductions de costumes d&rsquo;abord, et depuis environ 3 ans aussi des sacs et petits accessoires de mode, pour moi ou pour les autres.<\/p>\n<p>C&rsquo;est ainsi qu&rsquo;\u00e0 l&rsquo;occasion de la naissance de mon fils et d&rsquo;une r\u00e9flexion sur mon \u00e9volution professionnelle et personnelle, motiv\u00e9e par la cr\u00e9ation d&rsquo;entreprise depuis quelques ann\u00e9es d\u00e9j\u00e0, j&rsquo;ai d\u00e9cid\u00e9 d&rsquo;abandonner ma carri\u00e8re de cadre dans le marketing et le commerce industriels pour devenir ce qui s&rsquo;appelle une \u00ab\u00a0mompreneur\u00a0\u00bb. Quoi de plus naturel alors que de me lancer dans l&rsquo;aventure en combinant mes deux passions pour le Japon et la couture et de cr\u00e9er Couleurs Japon.<\/p>\n<p>Pascaline<\/p>\n","protected":false},"excerpt":{"rendered":"<p>A propos de ce blog (c&rsquo;est vrai \u00e7a mais \u00e0 quoi \u00e7a sert au juste ?) Les tissus japonais sont empreints de couleurs, de motifs et textures tr\u00e8s vari\u00e9s. Avec Couleurs Japon j&rsquo;essaie de les mettre en valeur \u00e0 travers des cr\u00e9ations originales de sacs et autres accessoires de mode ou du quotidien. Partagez \u00e0 &hellip; <a href=\"https:\/\/www.couleursjapon.com\/blog\/page-d-exemple\/\" class=\"more-link\">Continuer la lecture<span class=\"screen-reader-text\"> de &laquo;&nbsp;A propos&nbsp;&raquo;<\/span><\/a><\/p>\n","protected":false},"author":1,"featured_media":22,"parent":0,"menu_order":0,"comment_status":"open","ping_status":"open","template":"","meta":{"footnotes":""},"class_list":["post-2","page","type-page","status-publish","has-post-thumbnail","hentry"],"yoast_head":"<!-- This site is optimized with the Yoast SEO plugin v27.3 - https:\/\/yoast.com\/product\/yoast-seo-wordpress\/ -->\n<title>A propos - Couleurs Japon<\/title>\n<meta name=\"robots\" content=\"index, follow, max-snippet:-1, max-image-preview:large, max-video-preview:-1\" \/>\n<link rel=\"canonical\" href=\"https:\/\/www.couleursjapon.com\/blog\/page-d-exemple\/\" \/>\n<meta property=\"og:locale\" content=\"fr_FR\" \/>\n<meta property=\"og:type\" content=\"article\" \/>\n<meta property=\"og:title\" content=\"A propos - Couleurs Japon\" \/>\n<meta property=\"og:description\" content=\"A propos de ce blog (c&rsquo;est vrai \u00e7a mais \u00e0 quoi \u00e7a sert au juste ?) Les tissus japonais sont empreints de couleurs, de motifs et textures tr\u00e8s vari\u00e9s. Avec Couleurs Japon j&rsquo;essaie de les mettre en valeur \u00e0 travers des cr\u00e9ations originales de sacs et autres accessoires de mode ou du quotidien. Partagez \u00e0 &hellip; Continuer la lecture de &laquo;&nbsp;A propos&nbsp;&raquo;\" \/>\n<meta property=\"og:url\" content=\"https:\/\/www.couleursjapon.com\/blog\/page-d-exemple\/\" \/>\n<meta property=\"og:site_name\" content=\"Couleurs Japon\" \/>\n<meta property=\"article:publisher\" content=\"https:\/\/www.facebook.com\/CouleursJapon\/\" \/>\n<meta property=\"article:modified_time\" content=\"2013-04-16T07:27:59+00:00\" \/>\n<meta property=\"og:image\" content=\"https:\/\/www.couleursjapon.com\/blog\/wp-content\/uploads\/2013\/04\/carrouselbleu.jpg\" \/>\n\t<meta property=\"og:image:width\" content=\"535\" \/>\n\t<meta property=\"og:image:height\" content=\"300\" \/>\n\t<meta property=\"og:image:type\" content=\"image\/jpeg\" \/>\n<meta name=\"twitter:card\" content=\"summary_large_image\" \/>\n<meta name=\"twitter:label1\" content=\"Dur\u00e9e de lecture estim\u00e9e\" \/>\n\t<meta name=\"twitter:data1\" content=\"2 minutes\" \/>\n<script type=\"application\/ld+json\" class=\"yoast-schema-graph\">{\"@context\":\"https:\\\/\\\/schema.org\",\"@graph\":[{\"@type\":\"WebPage\",\"@id\":\"https:\\\/\\\/www.couleursjapon.com\\\/blog\\\/page-d-exemple\\\/\",\"url\":\"https:\\\/\\\/www.couleursjapon.com\\\/blog\\\/page-d-exemple\\\/\",\"name\":\"A propos - Couleurs Japon\",\"isPartOf\":{\"@id\":\"https:\\\/\\\/www.couleursjapon.com\\\/blog\\\/#website\"},\"primaryImageOfPage\":{\"@id\":\"https:\\\/\\\/www.couleursjapon.com\\\/blog\\\/page-d-exemple\\\/#primaryimage\"},\"image\":{\"@id\":\"https:\\\/\\\/www.couleursjapon.com\\\/blog\\\/page-d-exemple\\\/#primaryimage\"},\"thumbnailUrl\":\"https:\\\/\\\/www.couleursjapon.com\\\/blog\\\/wp-content\\\/uploads\\\/2013\\\/04\\\/carrouselbleu.jpg\",\"datePublished\":\"2013-04-14T09:42:49+00:00\",\"dateModified\":\"2013-04-16T07:27:59+00:00\",\"breadcrumb\":{\"@id\":\"https:\\\/\\\/www.couleursjapon.com\\\/blog\\\/page-d-exemple\\\/#breadcrumb\"},\"inLanguage\":\"fr-FR\",\"potentialAction\":[{\"@type\":\"ReadAction\",\"target\":[\"https:\\\/\\\/www.couleursjapon.com\\\/blog\\\/page-d-exemple\\\/\"]}]},{\"@type\":\"ImageObject\",\"inLanguage\":\"fr-FR\",\"@id\":\"https:\\\/\\\/www.couleursjapon.com\\\/blog\\\/page-d-exemple\\\/#primaryimage\",\"url\":\"https:\\\/\\\/www.couleursjapon.com\\\/blog\\\/wp-content\\\/uploads\\\/2013\\\/04\\\/carrouselbleu.jpg\",\"contentUrl\":\"https:\\\/\\\/www.couleursjapon.com\\\/blog\\\/wp-content\\\/uploads\\\/2013\\\/04\\\/carrouselbleu.jpg\",\"width\":535,\"height\":300,\"caption\":\"Tissus japonais bleus\"},{\"@type\":\"BreadcrumbList\",\"@id\":\"https:\\\/\\\/www.couleursjapon.com\\\/blog\\\/page-d-exemple\\\/#breadcrumb\",\"itemListElement\":[{\"@type\":\"ListItem\",\"position\":1,\"name\":\"Accueil\",\"item\":\"https:\\\/\\\/www.couleursjapon.com\\\/blog\\\/\"},{\"@type\":\"ListItem\",\"position\":2,\"name\":\"A propos\"}]},{\"@type\":\"WebSite\",\"@id\":\"https:\\\/\\\/www.couleursjapon.com\\\/blog\\\/#website\",\"url\":\"https:\\\/\\\/www.couleursjapon.com\\\/blog\\\/\",\"name\":\"Couleurs Japon\",\"description\":\"Tissus japonais\",\"publisher\":{\"@id\":\"https:\\\/\\\/www.couleursjapon.com\\\/blog\\\/#organization\"},\"potentialAction\":[{\"@type\":\"SearchAction\",\"target\":{\"@type\":\"EntryPoint\",\"urlTemplate\":\"https:\\\/\\\/www.couleursjapon.com\\\/blog\\\/?s={search_term_string}\"},\"query-input\":{\"@type\":\"PropertyValueSpecification\",\"valueRequired\":true,\"valueName\":\"search_term_string\"}}],\"inLanguage\":\"fr-FR\"},{\"@type\":\"Organization\",\"@id\":\"https:\\\/\\\/www.couleursjapon.com\\\/blog\\\/#organization\",\"name\":\"Couleurs Japon\",\"url\":\"https:\\\/\\\/www.couleursjapon.com\\\/blog\\\/\",\"logo\":{\"@type\":\"ImageObject\",\"inLanguage\":\"fr-FR\",\"@id\":\"https:\\\/\\\/www.couleursjapon.com\\\/blog\\\/#\\\/schema\\\/logo\\\/image\\\/\",\"url\":\"https:\\\/\\\/www.couleursjapon.com\\\/blog\\\/wp-content\\\/uploads\\\/2020\\\/10\\\/couleurs-japon-logo-1.png\",\"contentUrl\":\"https:\\\/\\\/www.couleursjapon.com\\\/blog\\\/wp-content\\\/uploads\\\/2020\\\/10\\\/couleurs-japon-logo-1.png\",\"width\":400,\"height\":77,\"caption\":\"Couleurs Japon\"},\"image\":{\"@id\":\"https:\\\/\\\/www.couleursjapon.com\\\/blog\\\/#\\\/schema\\\/logo\\\/image\\\/\"},\"sameAs\":[\"https:\\\/\\\/www.facebook.com\\\/CouleursJapon\\\/\",\"https:\\\/\\\/www.instagram.com\\\/couleursjapon\",\"https:\\\/\\\/www.pinterest.fr\\\/couleursjapon\\\/\"]}]}<\/script>\n<!-- \/ Yoast SEO plugin. -->","yoast_head_json":{"title":"A propos - Couleurs Japon","robots":{"index":"index","follow":"follow","max-snippet":"max-snippet:-1","max-image-preview":"max-image-preview:large","max-video-preview":"max-video-preview:-1"},"canonical":"https:\/\/www.couleursjapon.com\/blog\/page-d-exemple\/","og_locale":"fr_FR","og_type":"article","og_title":"A propos - Couleurs Japon","og_description":"A propos de ce blog (c&rsquo;est vrai \u00e7a mais \u00e0 quoi \u00e7a sert au juste ?) Les tissus japonais sont empreints de couleurs, de motifs et textures tr\u00e8s vari\u00e9s. Avec Couleurs Japon j&rsquo;essaie de les mettre en valeur \u00e0 travers des cr\u00e9ations originales de sacs et autres accessoires de mode ou du quotidien. Partagez \u00e0 &hellip; Continuer la lecture de &laquo;&nbsp;A propos&nbsp;&raquo;","og_url":"https:\/\/www.couleursjapon.com\/blog\/page-d-exemple\/","og_site_name":"Couleurs Japon","article_publisher":"https:\/\/www.facebook.com\/CouleursJapon\/","article_modified_time":"2013-04-16T07:27:59+00:00","og_image":[{"width":535,"height":300,"url":"https:\/\/www.couleursjapon.com\/blog\/wp-content\/uploads\/2013\/04\/carrouselbleu.jpg","type":"image\/jpeg"}],"twitter_card":"summary_large_image","twitter_misc":{"Dur\u00e9e de lecture estim\u00e9e":"2 minutes"},"schema":{"@context":"https:\/\/schema.org","@graph":[{"@type":"WebPage","@id":"https:\/\/www.couleursjapon.com\/blog\/page-d-exemple\/","url":"https:\/\/www.couleursjapon.com\/blog\/page-d-exemple\/","name":"A propos - Couleurs Japon","isPartOf":{"@id":"https:\/\/www.couleursjapon.com\/blog\/#website"},"primaryImageOfPage":{"@id":"https:\/\/www.couleursjapon.com\/blog\/page-d-exemple\/#primaryimage"},"image":{"@id":"https:\/\/www.couleursjapon.com\/blog\/page-d-exemple\/#primaryimage"},"thumbnailUrl":"https:\/\/www.couleursjapon.com\/blog\/wp-content\/uploads\/2013\/04\/carrouselbleu.jpg","datePublished":"2013-04-14T09:42:49+00:00","dateModified":"2013-04-16T07:27:59+00:00","breadcrumb":{"@id":"https:\/\/www.couleursjapon.com\/blog\/page-d-exemple\/#breadcrumb"},"inLanguage":"fr-FR","potentialAction":[{"@type":"ReadAction","target":["https:\/\/www.couleursjapon.com\/blog\/page-d-exemple\/"]}]},{"@type":"ImageObject","inLanguage":"fr-FR","@id":"https:\/\/www.couleursjapon.com\/blog\/page-d-exemple\/#primaryimage","url":"https:\/\/www.couleursjapon.com\/blog\/wp-content\/uploads\/2013\/04\/carrouselbleu.jpg","contentUrl":"https:\/\/www.couleursjapon.com\/blog\/wp-content\/uploads\/2013\/04\/carrouselbleu.jpg","width":535,"height":300,"caption":"Tissus japonais bleus"},{"@type":"BreadcrumbList","@id":"https:\/\/www.couleursjapon.com\/blog\/page-d-exemple\/#breadcrumb","itemListElement":[{"@type":"ListItem","position":1,"name":"Accueil","item":"https:\/\/www.couleursjapon.com\/blog\/"},{"@type":"ListItem","position":2,"name":"A propos"}]},{"@type":"WebSite","@id":"https:\/\/www.couleursjapon.com\/blog\/#website","url":"https:\/\/www.couleursjapon.com\/blog\/","name":"Couleurs Japon","description":"Tissus japonais","publisher":{"@id":"https:\/\/www.couleursjapon.com\/blog\/#organization"},"potentialAction":[{"@type":"SearchAction","target":{"@type":"EntryPoint","urlTemplate":"https:\/\/www.couleursjapon.com\/blog\/?s={search_term_string}"},"query-input":{"@type":"PropertyValueSpecification","valueRequired":true,"valueName":"search_term_string"}}],"inLanguage":"fr-FR"},{"@type":"Organization","@id":"https:\/\/www.couleursjapon.com\/blog\/#organization","name":"Couleurs Japon","url":"https:\/\/www.couleursjapon.com\/blog\/","logo":{"@type":"ImageObject","inLanguage":"fr-FR","@id":"https:\/\/www.couleursjapon.com\/blog\/#\/schema\/logo\/image\/","url":"https:\/\/www.couleursjapon.com\/blog\/wp-content\/uploads\/2020\/10\/couleurs-japon-logo-1.png","contentUrl":"https:\/\/www.couleursjapon.com\/blog\/wp-content\/uploads\/2020\/10\/couleurs-japon-logo-1.png","width":400,"height":77,"caption":"Couleurs Japon"},"image":{"@id":"https:\/\/www.couleursjapon.com\/blog\/#\/schema\/logo\/image\/"},"sameAs":["https:\/\/www.facebook.com\/CouleursJapon\/","https:\/\/www.instagram.com\/couleursjapon","https:\/\/www.pinterest.fr\/couleursjapon\/"]}]}},"_links":{"self":[{"href":"https:\/\/www.couleursjapon.com\/blog\/wp-json\/wp\/v2\/pages\/2","targetHints":{"allow":["GET"]}}],"collection":[{"href":"https:\/\/www.couleursjapon.com\/blog\/wp-json\/wp\/v2\/pages"}],"about":[{"href":"https:\/\/www.couleursjapon.com\/blog\/wp-json\/wp\/v2\/types\/page"}],"author":[{"embeddable":true,"href":"https:\/\/www.couleursjapon.com\/blog\/wp-json\/wp\/v2\/users\/1"}],"replies":[{"embeddable":true,"href":"https:\/\/www.couleursjapon.com\/blog\/wp-json\/wp\/v2\/comments?post=2"}],"version-history":[{"count":9,"href":"https:\/\/www.couleursjapon.com\/blog\/wp-json\/wp\/v2\/pages\/2\/revisions"}],"predecessor-version":[{"id":8,"href":"https:\/\/www.couleursjapon.com\/blog\/wp-json\/wp\/v2\/pages\/2\/revisions\/8"}],"wp:featuredmedia":[{"embeddable":true,"href":"https:\/\/www.couleursjapon.com\/blog\/wp-json\/wp\/v2\/media\/22"}],"wp:attachment":[{"href":"https:\/\/www.couleursjapon.com\/blog\/wp-json\/wp\/v2\/media?parent=2"}],"curies":[{"name":"wp","href":"https:\/\/api.w.org\/{rel}","templated":true}]}}